{"id":4300,"date":"2021-11-05T19:34:25","date_gmt":"2021-11-05T18:34:25","guid":{"rendered":"https:\/\/paragon-sa.ch\/?page_id=4300"},"modified":"2026-03-09T15:48:53","modified_gmt":"2026-03-09T14:48:53","slug":"contacts","status":"publish","type":"page","link":"https:\/\/paragon-sa.ch\/fr\/contacts\/","title":{"rendered":"<p>Contacts<\/p>"},"content":{"rendered":"<div data-elementor-type=\"wp-page\" data-elementor-id=\"4300\" class=\"elementor elementor-4300\" data-elementor-post-type=\"page\">\n\t\t\t\t\t\t\t\t\t<section class=\"elementor-section elementor-top-section elementor-element elementor-element-d12e699 elementor-section-height-min-height elementor-section-items-bottom elementor-section-boxed elementor-section-height-default\" data-id=\"d12e699\" data-element_type=\"section\" data-settings='{\"background_background\":\"classic\"}'>\n\t\t\t\t\t\t\t<div class=\"elementor-background-overlay\"><\/div>\n\t\t\t\t\t\t\t<div class=\"elementor-container elementor-column-gap-default\">\n\t\t\t\t\t<div class=\"elementor-column elementor-col-100 elementor-top-column elementor-element elementor-element-db9d9b5\" data-id=\"db9d9b5\" data-element_type=\"column\">\n\t\t\t<div class=\"elementor-widget-wrap elementor-element-populated\">\n\t\t\t\t\t\t\t\t<div class=\"elementor-element elementor-element-5fb5dca elementor-widget elementor-widget-text-editor\" data-id=\"5fb5dca\" data-element_type=\"widget\" data-widget_type=\"text-editor.default\">\n\t\t\t\t<div class=\"elementor-widget-container\">\n\t\t\t\t\t\t\t<h1>Contacts<\/h1>\t\t\t\t\t\t<\/div>\n\t\t\t\t<\/div>\n\t\t\t\t\t<\/div>\n\t\t<\/div>\n\t\t\t\t\t\t\t<\/div>\n\t\t<\/section>\n\t\t\t\t<section data-pa-eq-height='{\"targetType\":\"custom\",\"target\":[\".equal-1\"],\"enableOn\":[\"desktop\",\"tablet\"]}' class=\"elementor-section elementor-top-section elementor-element elementor-element-864a4c8 premium-equal-height-yes elementor-section-boxed elementor-section-height-default elementor-section-height-default\" data-id=\"864a4c8\" data-element_type=\"section\" data-settings='{\"premium_eq_height_switcher\":\"yes\"}'>\n\t\t\t\t\t\t<div class=\"elementor-container elementor-column-gap-default\">\n\t\t\t\t\t<div class=\"elementor-column elementor-col-50 elementor-top-column elementor-element elementor-element-a6aa71c\" data-id=\"a6aa71c\" data-element_type=\"column\">\n\t\t\t<div class=\"elementor-widget-wrap elementor-element-populated\">\n\t\t\t\t\t\t\t\t<div class=\"elementor-element elementor-element-94ac233 elementor-widget elementor-widget-text-editor\" data-id=\"94ac233\" data-element_type=\"widget\" data-widget_type=\"text-editor.default\">\n\t\t\t\t<div class=\"elementor-widget-container\">\n\t\t\t\t\t\t\t<p>Coordonn\u00e9es<\/p>\t\t\t\t\t\t<\/div>\n\t\t\t\t<\/div>\n\t\t\t\t<div class=\"elementor-element elementor-element-45e1937 elementor-widget elementor-widget-text-editor\" data-id=\"45e1937\" data-element_type=\"widget\" data-widget_type=\"text-editor.default\">\n\t\t\t\t<div class=\"elementor-widget-container\">\n\t\t\t\t\t\t\t<p>Bureau<\/p>\t\t\t\t\t\t<\/div>\n\t\t\t\t<\/div>\n\t\t\t\t<div class=\"elementor-element elementor-element-be16b0b elementor-widget elementor-widget-text-editor\" data-id=\"be16b0b\" data-element_type=\"widget\" data-widget_type=\"text-editor.default\">\n\t\t\t\t<div class=\"elementor-widget-container\">\n\t\t\t\t\t\t\t<p>Rue du Nant 8 \u2013 1207 Gen\u00e8ve, Suisse<\/p>\t\t\t\t\t\t<\/div>\n\t\t\t\t<\/div>\n\t\t\t\t<div class=\"elementor-element elementor-element-39529fb elementor-widget elementor-widget-text-editor\" data-id=\"39529fb\" data-element_type=\"widget\" data-widget_type=\"text-editor.default\">\n\t\t\t\t<div class=\"elementor-widget-container\">\n\t\t\t\t\t\t\t<p>Email<\/p>\t\t\t\t\t\t<\/div>\n\t\t\t\t<\/div>\n\t\t\t\t<div class=\"elementor-element elementor-element-f2b007d elementor-widget elementor-widget-text-editor\" data-id=\"f2b007d\" data-element_type=\"widget\" data-widget_type=\"text-editor.default\">\n\t\t\t\t<div class=\"elementor-widget-container\">\n\t\t\t\t\t\t\t<a href=\"mailto:info@paragon-sa.com\" style=\"text-decoration: underline; font-family:inherit; font-weight: inherit; color: inherit;\">info@paragon-sa.com<\/a>\t\t\t\t\t\t<\/div>\n\t\t\t\t<\/div>\n\t\t\t\t<div class=\"elementor-element elementor-element-0800883 elementor-widget elementor-widget-text-editor\" data-id=\"0800883\" data-element_type=\"widget\" data-widget_type=\"text-editor.default\">\n\t\t\t\t<div class=\"elementor-widget-container\">\n\t\t\t\t\t\t\t<p>T\u00e9l\u00e9phone<\/p>\t\t\t\t\t\t<\/div>\n\t\t\t\t<\/div>\n\t\t\t\t<div class=\"elementor-element elementor-element-c6eaf96 elementor-widget elementor-widget-text-editor\" data-id=\"c6eaf96\" data-element_type=\"widget\" data-widget_type=\"text-editor.default\">\n\t\t\t\t<div class=\"elementor-widget-container\">\n\t\t\t\t\t\t\t<a href=\"tel: 41227363028\" style=\"text-decoration: underline; font-family:inherit; font-weight: inherit; color: inherit;\">+41 22 736 30 28<\/a>\t\t\t\t\t\t<\/div>\n\t\t\t\t<\/div>\n\t\t\t\t<div class=\"elementor-element elementor-element-bc7d4e8 e-grid-align-mobile-left e-grid-align-tablet-left e-grid-align-left elementor-shape-rounded elementor-grid-0 elementor-widget elementor-widget-social-icons\" data-id=\"bc7d4e8\" data-element_type=\"widget\" data-widget_type=\"social-icons.default\">\n\t\t\t\t<div class=\"elementor-widget-container\">\n\t\t\t\t\t<div class=\"elementor-social-icons-wrapper elementor-grid\">\n\t\t\t\t\t\t\t<span class=\"elementor-grid-item\">\n\t\t\t\t\t<a class=\"elementor-icon elementor-social-icon elementor-social-icon-linkedin elementor-repeater-item-0267196\" href=\"https:\/\/ch.linkedin.com\/company\/paragon-sa\" target=\"_blank\">\n\t\t\t\t\t\t<span class=\"elementor-screen-only\">Linkedin<\/span>\n\t\t\t\t\t\t<i class=\"fab fa-linkedin\"><\/i>\t\t\t\t\t<\/a>\n\t\t\t\t<\/span>\n\t\t\t\t\t<\/div>\n\t\t\t\t<\/div>\n\t\t\t\t<\/div>\n\t\t\t\t<div class=\"elementor-element elementor-element-b30e5c3 elementor-widget elementor-widget-spacer\" data-id=\"b30e5c3\" data-element_type=\"widget\" data-widget_type=\"spacer.default\">\n\t\t\t\t<div class=\"elementor-widget-container\">\n\t\t\t\t\t<div class=\"elementor-spacer\">\n\t\t\t<div class=\"elementor-spacer-inner\"><\/div>\n\t\t<\/div>\n\t\t\t\t<\/div>\n\t\t\t\t<\/div>\n\t\t\t\t<div class=\"elementor-element elementor-element-02de00e elementor-widget elementor-widget-google_maps\" data-id=\"02de00e\" data-element_type=\"widget\" data-widget_type=\"google_maps.default\">\n\t\t\t\t<div class=\"elementor-widget-container\">\n\t\t\t\t\t<div class=\"elementor-custom-embed\">\n\t\t\t<iframe loading=\"lazy\" src=\"https:\/\/maps.google.com\/maps?q=Rue%20du%20Nant%208&amp;t=m&amp;z=10&amp;output=embed&amp;iwloc=near\" title=\"Rue du Nant 8\" aria-label=\"Rue du Nant 8\"><\/iframe>\n\t\t<\/div>\n\t\t\t\t<\/div>\n\t\t\t\t<\/div>\n\t\t\t\t\t<\/div>\n\t\t<\/div>\n\t\t\t\t<div class=\"elementor-column elementor-col-50 elementor-top-column elementor-element elementor-element-d7d0e79 equal-1\" data-id=\"d7d0e79\" data-element_type=\"column\">\n\t\t\t<div class=\"elementor-widget-wrap elementor-element-populated\">\n\t\t\t\t\t\t\t\t<section class=\"elementor-section elementor-inner-section elementor-element elementor-element-8415e5a elementor-section-boxed elementor-section-height-default elementor-section-height-default\" data-id=\"8415e5a\" data-element_type=\"section\" data-settings='{\"background_background\":\"classic\"}'>\n\t\t\t\t\t\t<div class=\"elementor-container elementor-column-gap-default\">\n\t\t\t\t\t<div class=\"elementor-column elementor-col-100 elementor-inner-column elementor-element elementor-element-41be282\" data-id=\"41be282\" data-element_type=\"column\">\n\t\t\t<div class=\"elementor-widget-wrap elementor-element-populated\">\n\t\t\t\t\t\t\t\t<div class=\"elementor-element elementor-element-6693dd4 elementor-widget elementor-widget-heading\" data-id=\"6693dd4\" data-element_type=\"widget\" data-widget_type=\"heading.default\">\n\t\t\t\t<div class=\"elementor-widget-container\">\n\t\t\t<h2 class=\"elementor-heading-title elementor-size-default\">Contactez-nous<\/h2>\t\t<\/div>\n\t\t\t\t<\/div>\n\t\t\t\t<div class=\"elementor-element elementor-element-b8491c1 elementor-button-align-stretch elementor-widget elementor-widget-form\" data-id=\"b8491c1\" data-element_type=\"widget\" data-settings='{\"step_next_label\":\"Successivo\",\"step_previous_label\":\"Precedente\",\"button_width\":\"100\",\"step_type\":\"number_text\",\"step_icon_shape\":\"circle\"}' data-widget_type=\"form.default\">\n\t\t\t\t<div class=\"elementor-widget-container\">\n\t\t\t\t\t<form class=\"elementor-form\" method=\"post\" name=\"Nuovo modulo\" action=\"\">\n\t\t\t<input type=\"hidden\" name=\"post_id\" value=\"4300\">\n\t\t\t<input type=\"hidden\" name=\"form_id\" value=\"b8491c1\">\n\t\t\t<input type=\"hidden\" name=\"referer_title\" value=\"\">\n\n\t\t\t\n\t\t\t<div class=\"elementor-form-fields-wrapper elementor-labels-above\">\n\t\t\t\t\t\t\t\t<div class=\"elementor-field-type-text elementor-field-group elementor-column elementor-field-group-name elementor-col-100 elementor-field-required\">\n\t\t\t\t\t\t\t\t\t\t\t\t<label for=\"form-field-name\" class=\"elementor-field-label\">\n\t\t\t\t\t\t\t\tNom*\t\t\t\t\t\t\t<\/label>\n\t\t\t\t\t\t\t\t\t\t\t\t\t\t<input size=\"1\" type=\"text\" name=\"form_fields[name]\" id=\"form-field-name\" class=\"elementor-field elementor-size-sm  elementor-field-textual\" required=\"required\" aria-required=\"true\">\n\t\t\t\t\t\t\t\t\t\t\t<\/div>\n\t\t\t\t\t\t\t\t<div class=\"elementor-field-type-email elementor-field-group elementor-column elementor-field-group-email elementor-col-100 elementor-field-required\">\n\t\t\t\t\t\t\t\t\t\t\t\t<label for=\"form-field-email\" class=\"elementor-field-label\">\n\t\t\t\t\t\t\t\tEmail*\t\t\t\t\t\t\t<\/label>\n\t\t\t\t\t\t\t\t\t\t\t\t\t\t<input size=\"1\" type=\"email\" name=\"form_fields[email]\" id=\"form-field-email\" class=\"elementor-field elementor-size-sm  elementor-field-textual\" required=\"required\" aria-required=\"true\">\n\t\t\t\t\t\t\t\t\t\t\t<\/div>\n\t\t\t\t\t\t\t\t<div class=\"elementor-field-type-textarea elementor-field-group elementor-column elementor-field-group-field_ecdaaa2 elementor-col-100\">\n\t\t\t\t\t\t\t\t\t\t\t\t<label for=\"form-field-field_ecdaaa2\" class=\"elementor-field-label\">\n\t\t\t\t\t\t\t\tMessage\t\t\t\t\t\t\t<\/label>\n\t\t\t\t\t\t<textarea class=\"elementor-field-textual elementor-field  elementor-size-sm\" name=\"form_fields[field_ecdaaa2]\" id=\"form-field-field_ecdaaa2\" rows=\"4\"><\/textarea>\t\t\t\t<\/div>\n\t\t\t\t\t\t\t\t<div class=\"elementor-field-type-acceptance elementor-field-group elementor-column elementor-field-group-field_d6730fd elementor-col-100 elementor-field-required\">\n\t\t\t\t\t\t\t<div class=\"elementor-field-subgroup\">\n\t\t\t<span class=\"elementor-field-option\">\n\t\t\t\t<input type=\"checkbox\" name=\"form_fields[field_d6730fd]\" id=\"form-field-field_d6730fd\" class=\"elementor-field elementor-size-sm  elementor-acceptance-field\" required=\"required\" aria-required=\"true\">\n\t\t\t\t<label for=\"form-field-field_d6730fd\"><span style=\"color:#212B34;\">Lisez notre <a href=\"\/fr\/cookie-policy\/\" style=\"font-family:Montserrat; font-weight:400; color: #212B34;\">politique de confidentialit\u00e9<\/a>.*<\/span><\/label>\t\t\t<\/span>\n\t\t<\/div>\n\t\t\t\t\t\t<\/div>\n\t\t\t\t\t\t\t\t<div class=\"elementor-field-group elementor-column elementor-field-type-submit elementor-col-100 e-form__buttons\">\n\t\t\t\t\t<button type=\"submit\" class=\"elementor-button elementor-size-md\">\n\t\t\t\t\t\t<span>\n\t\t\t\t\t\t\t\t\t\t\t\t\t\t\t<span class=\"elementor-button-icon\">\n\t\t\t\t\t\t\t\t\t\t\t\t\t\t\t\t\t\t\t\t\t\t\t\t\t\t<\/span>\n\t\t\t\t\t\t\t\t\t\t\t\t\t\t\t\t\t\t\t\t\t\t<span class=\"elementor-button-text\">Envoyer<\/span>\n\t\t\t\t\t\t\t\t\t\t\t\t\t<\/span>\n\t\t\t\t\t<\/button>\n\t\t\t\t<\/div>\n\t\t\t<\/div>\n\t\t<input type=\"hidden\" name=\"trp-form-language\" value=\"fr\"\/><\/form>\n\t\t\t\t<\/div>\n\t\t\t\t<\/div>\n\t\t\t\t\t<\/div>\n\t\t<\/div>\n\t\t\t\t\t\t\t<\/div>\n\t\t<\/section>\n\t\t\t\t\t<\/div>\n\t\t<\/div>\n\t\t\t\t\t\t\t<\/div>\n\t\t<\/section>\n\t\t\t\t<section class=\"elementor-section elementor-top-section elementor-element elementor-element-1b5ba5f elementor-section-boxed elementor-section-height-default elementor-section-height-default\" data-id=\"1b5ba5f\" data-element_type=\"section\">\n\t\t\t\t\t\t<div class=\"elementor-container elementor-column-gap-default\">\n\t\t\t\t\t<div class=\"elementor-column elementor-col-100 elementor-top-column elementor-element elementor-element-c0de4bc\" data-id=\"c0de4bc\" data-element_type=\"column\">\n\t\t\t<div class=\"elementor-widget-wrap elementor-element-populated\">\n\t\t\t\t\t\t\t\t<div class=\"elementor-element elementor-element-acfb7e7 elementor-widget elementor-widget-text-editor\" data-id=\"acfb7e7\" data-element_type=\"widget\" data-widget_type=\"text-editor.default\">\n\t\t\t\t<div class=\"elementor-widget-container\">\n\t\t\t\t\t\t\t<p>Carri\u00e8res<\/p>\t\t\t\t\t\t<\/div>\n\t\t\t\t<\/div>\n\t\t\t\t<div class=\"elementor-element elementor-element-5314fa1 elementor-widget__width-initial elementor-widget elementor-widget-text-editor\" data-id=\"5314fa1\" data-element_type=\"widget\" data-widget_type=\"text-editor.default\">\n\t\t\t\t<div class=\"elementor-widget-container\">\n\t\t\t\t\t\t\t<p>Comme de nombreuses soci\u00e9t\u00e9s, Paragon SA estime que ce sont les&nbsp;<strong>personnes&nbsp;<\/strong>qui permettent aux meilleures entreprises de se diff\u00e9rencier des autres.  Toutefois, \u00e0 l'inverse de certains de nos concurrents, nous savons attirer et conserver les talents, actuels et futurs, en restant \u00e0 leur \u00e9coute. Dans certains cas, cela peut se traduire par des horaires flexibles ou des emplois \u00e0 temps partiel, dans d'autres en permettant une participation directe dans la transaction, ou en int\u00e9grant des sch\u00e9mas de compensation risques\/b\u00e9n\u00e9fices cr\u00e9atifs et b\u00e9n\u00e9ficiant aux deux parties. Dans tous les cas, cela signifie offrir un environnement de travail o\u00f9 le \"<strong>fun<\/strong>\" est autant important que \"<strong>l'engagement<\/strong>\" et o\u00f9 la \"<strong>qualit\u00e9 de vie<\/strong>\" est autant important que \"<strong>les succ\u00e8s financiers<\/strong>\".&nbsp;<\/p><p>Si vous pensez que vos valeurs et vos comp\u00e9tences correspondent \u00e0 celles de Paragon, contactez-nous.<\/p>\t\t\t\t\t\t<\/div>\n\t\t\t\t<\/div>\n\t\t\t\t\t<\/div>\n\t\t<\/div>\n\t\t\t\t\t\t\t<\/div>\n\t\t<\/section>\n\t\t\t\t<section class=\"elementor-section elementor-top-section elementor-element elementor-element-7c2e5a8 elementor-section-boxed elementor-section-height-default elementor-section-height-default\" data-id=\"7c2e5a8\" data-element_type=\"section\">\n\t\t\t\t\t\t<div class=\"elementor-container elementor-column-gap-default\">\n\t\t\t\t\t<div class=\"elementor-column elementor-col-100 elementor-top-column elementor-element elementor-element-ec5ec0b\" data-id=\"ec5ec0b\" data-element_type=\"column\">\n\t\t\t<div class=\"elementor-widget-wrap elementor-element-populated\">\n\t\t\t\t\t\t\t\t<div class=\"elementor-element elementor-element-b8c2a1f elementor-widget elementor-widget-image\" data-id=\"b8c2a1f\" data-element_type=\"widget\" data-widget_type=\"image.default\">\n\t\t\t\t<div class=\"elementor-widget-container\">\n\t\t\t\t\t\t\t\t\t\t\t\t\t\t\t<img decoding=\"async\" width=\"768\" height=\"512\" src=\"https:\/\/paragon-sa.ch\/wp-content\/uploads\/2026\/03\/Paragon_TeamPhoto-34-768x512.jpg\" class=\"attachment-medium_large size-medium_large wp-image-16671\" alt=\"\" loading=\"lazy\" srcset=\"https:\/\/paragon-sa.ch\/wp-content\/uploads\/2026\/03\/Paragon_TeamPhoto-34-768x512.jpg 768w, https:\/\/paragon-sa.ch\/wp-content\/uploads\/2026\/03\/Paragon_TeamPhoto-34-300x200.jpg 300w, https:\/\/paragon-sa.ch\/wp-content\/uploads\/2026\/03\/Paragon_TeamPhoto-34-1024x683.jpg 1024w, https:\/\/paragon-sa.ch\/wp-content\/uploads\/2026\/03\/Paragon_TeamPhoto-34-1536x1024.jpg 1536w, https:\/\/paragon-sa.ch\/wp-content\/uploads\/2026\/03\/Paragon_TeamPhoto-34-2048x1365.jpg 2048w, https:\/\/paragon-sa.ch\/wp-content\/uploads\/2026\/03\/Paragon_TeamPhoto-34-18x12.jpg 18w\" sizes=\"(max-width: 768px) 100vw, 768px\">\t\t\t\t\t\t\t\t\t\t\t\t\t\t\t<\/div>\n\t\t\t\t<\/div>\n\t\t\t\t\t<\/div>\n\t\t<\/div>\n\t\t\t\t\t\t\t<\/div>\n\t\t<\/section>\n\t\t\t\t\t\t\t<\/div>","protected":false},"excerpt":{"rendered":"<p>Contacts Contact information Office Rue du Nant 8 &ndash; 1207 Geneva, Switzerland Email info@paragon-sa.com Phone +41 22 736 30 28 Linkedin Get in contact Careers Like many companies, Paragon SA believes that it is&nbsp;people&nbsp;that differentiate the most successful firms from the rest. However, unlike some of its&nbsp;competitors, Paragon SA successfully finds ways to attract and [&hellip;]<\/p>","protected":false},"author":79,"featured_media":0,"parent":0,"menu_order":0,"comment_status":"closed","ping_status":"closed","template":"","meta":[],"_links":{"self":[{"href":"https:\/\/paragon-sa.ch\/fr\/wp-json\/wp\/v2\/pages\/4300"}],"collection":[{"href":"https:\/\/paragon-sa.ch\/fr\/wp-json\/wp\/v2\/pages"}],"about":[{"href":"https:\/\/paragon-sa.ch\/fr\/wp-json\/wp\/v2\/types\/page"}],"author":[{"embeddable":true,"href":"https:\/\/paragon-sa.ch\/fr\/wp-json\/wp\/v2\/users\/79"}],"replies":[{"embeddable":true,"href":"https:\/\/paragon-sa.ch\/fr\/wp-json\/wp\/v2\/comments?post=4300"}],"version-history":[{"count":18,"href":"https:\/\/paragon-sa.ch\/fr\/wp-json\/wp\/v2\/pages\/4300\/revisions"}],"predecessor-version":[{"id":16680,"href":"https:\/\/paragon-sa.ch\/fr\/wp-json\/wp\/v2\/pages\/4300\/revisions\/16680"}],"wp:attachment":[{"href":"https:\/\/paragon-sa.ch\/fr\/wp-json\/wp\/v2\/media?parent=4300"}],"curies":[{"name":"wp","href":"https:\/\/api.w.org\/{rel}","templated":true}]}}