{"id":14358,"date":"2023-05-04T13:12:16","date_gmt":"2023-05-04T11:12:16","guid":{"rendered":"https:\/\/paragon-sa.ch\/cookie-policy\/"},"modified":"2023-05-04T13:12:16","modified_gmt":"2023-05-04T11:12:16","slug":"cookie-policy","status":"publish","type":"page","link":"https:\/\/paragon-sa.ch\/fr\/cookie-policy\/","title":{"rendered":"<p>Cookie Policy<\/p>"},"content":{"rendered":"<!-- Legal document generated by Complianz | GDPR\/CCPA Cookie Consent https:\/\/wordpress.org\/plugins\/complianz-gdpr --><div id=\"cmplz-document\" class=\"cmplz-document cookie-statement cmplz-document-eu\"><p><i>Cette politique de cookies a \u00e9t\u00e9 mise \u00e0 jour pour la derni\u00e8re fois le 04\/05\/2023 et s'applique aux citoyens et aux r\u00e9sidents permanents l\u00e9gaux de l'Espace \u00c9conomique Europ\u00e9en et de la Suisse.<\/i><br><\/p><h2>1. Introduction<\/h2><p>Notre site web, <a href=\"https:\/\/paragon-sa.ch\/fr\/\">https:\/\/paragon-sa.ch\/fr\/<\/a> (ci-apr\u00e8s\u00a0: \u00ab\u00a0le site web\u00a0\u00bb) utilise des cookies et autres technologies li\u00e9es (par simplification, toutes ces technologies sont d\u00e9sign\u00e9es par le terme \u00ab\u00a0cookies\u00a0\u00bb). Des cookies sont \u00e9galement plac\u00e9s par des tierces parties que nous avons engag\u00e9es. Dans le document ci-dessous, nous vous informons de l'utilisation des cookies sur notre site web.<\/p><h2>2. Que sont les cookies&nbsp;?<\/h2><p>Un cookie est un petit fichier simple envoy\u00e9 avec les pages de ce site web et stock\u00e9 par votre navigateur sur le disque dur de votre ordinateur ou d'un autre appareil. Les informations qui y sont stock\u00e9es peuvent \u00eatre renvoy\u00e9es \u00e0 nos serveurs ou aux serveurs des tierces parties concern\u00e9es lors d'une visite ult\u00e9rieure.<\/p><h2>3. Que sont les scripts&nbsp;?<\/h2><p>Un script est un &eacute;l&eacute;ment de code utilis&eacute; pour que notre site web fonctionne correctement et de mani&egrave;re interactive. Ce code est ex&eacute;cut&eacute; sur notre serveur ou sur votre appareil.<\/p><h2>4. Qu'est-ce qu'une balise invisible\u00a0?<\/h2><p>Une balise invisible (ou balise web) est un petit morceau de texte ou d'image invisible sur un site web, utilis\u00e9 pour suivre le trafic sur un site web. Pour ce faire, diverses donn\u00e9es vous concernant sont stock\u00e9es \u00e0 l'aide de balises invisibles.<\/p><h2>5. Cookies<\/h2><p class=\"cmplz-subtitle\">5.1 Cookies techniques ou fonctionnels<\/p><p>Certains cookies assurent le fonctionnement correct de certaines parties du site web et la prise en compte de vos pr&eacute;f&eacute;rences en tant qu?internaute. En pla&ccedil;ant des cookies fonctionnels, nous vous facilitons la visite de notre site web. Ainsi, vous n?avez pas besoin de saisir &agrave; plusieurs reprises les m&ecirc;mes informations lors de la visite de notre site web et, par exemple, les &eacute;l&eacute;ments restent dans votre panier jusqu?&agrave; votre paiement. Nous pouvons placer ces cookies sans votre consentement.<\/p><p class=\"cmplz-subtitle\">5.2 Cookies statistiques<\/p><p>Nous utilisons des cookies statistiques afin d'optimiser l'exp\u00e9rience des internautes sur notre site web. Avec ces cookies statistiques, nous obtenons des observations sur l'utilisation de notre site web.\u00a0Nous demandons votre permission pour placer des cookies statistiques.<\/p><p class=\"cmplz-subtitle\">5.3 Cookies de marketing\/suivi<\/p><p>Les cookies de marketing\/suivi sont des cookies ou toute autre forme de stockage local, utilis&eacute;s pour cr&eacute;er des profils d?internautes afin d?afficher de la publicit&eacute; ou de suivre l?internaute sur ce site web ou sur plusieurs sites web dans des finalit&eacute;s marketing similaires.<\/p><h2>6. Cookies plac&eacute;s<\/h2><div id=\"cmplz-cookies-overview\"><details class=\"cmplz-dropdown cmplz-service-desc cmplz-dropdown-cookiepolicy\">\n\t<summary class=\"cmplz-service-header\"><div>\n\t\t<h3>Elementor<\/h3>\n\t\t<p>Finalit&eacute; en attente d?enqu&ecirc;te<\/p>\n\t\t<label for=\"cmplz_service_elementor\" class=\"cmplz_consent_per_service_label\"><span class=\"screen-reader-text\">Consent to service elementor<\/span><\/label>\n\t\t<input type=\"checkbox\" id=\"cmplz_service_elementor\" class=\"cmplz-accept-service cmplz-hidden\" data-service=\"elementor\" data-category=\"functional\"><\/div>\n\t<\/summary>\n\t<div class=\"cmplz-service-description\">\n\t\t<h4>Utilisation<\/h4>\n\t\t<p><\/p>\n\t<\/div>\n\t<div class=\"cmplz-sharing-data\">\n\t\t<h4>Partage de donn&eacute;es<\/h4>\n\t\t<p>Ces donn&eacute;es ne sont pas partag&eacute;es avec des tierces parties.<\/p>\n\t<\/div>\n\t<div class=\"cookies-per-purpose\">\n    <div class=\"purpose\"><h4>Finalit&eacute; en attente d?enqu&ecirc;te<\/h4><\/div>\n    <div class=\"name-header\">\n\t<h5>Nom<\/h5>\n<\/div>\n<div class=\"name\"><a target=\"_blank\" rel=\"noopener noreferrer nofollow\" href=\"https:\/\/cookiedatabase.org\/cookie\/unknown-service\/elementor\/\">elementor<\/a><\/div>\n<div class=\"retention-header\">\n\t<h5>Expiration<\/h5>\n<\/div>\n<div class=\"retention\"><\/div>\n<div class=\"function-header\">\n\t<h5>Fonction<\/h5>\n<\/div>\n<div class=\"function\"><\/div>\n\n<\/div>\n<\/details>\n<details class=\"cmplz-dropdown cmplz-service-desc cmplz-dropdown-cookiepolicy\">\n\t<summary class=\"cmplz-service-header\"><div>\n\t\t<h3>Stripe<\/h3>\n\t\t<p>Finalit&eacute; en attente d?enqu&ecirc;te<\/p>\n\t\t<label for=\"cmplz_service_stripe\" class=\"cmplz_consent_per_service_label\"><span class=\"screen-reader-text\">Consent to service stripe<\/span><\/label>\n\t\t<input type=\"checkbox\" id=\"cmplz_service_stripe\" class=\"cmplz-accept-service cmplz-hidden\" data-service=\"stripe\" data-category=\"functional\"><\/div>\n\t<\/summary>\n\t<div class=\"cmplz-service-description\">\n\t\t<h4>Utilisation<\/h4>\n\t\t<p><\/p>\n\t<\/div>\n\t<div class=\"cmplz-sharing-data\">\n\t\t<h4>Partage de donn&eacute;es<\/h4>\n\t\t<p>Ces donn&eacute;es ne sont pas partag&eacute;es avec des tierces parties.<\/p>\n\t<\/div>\n\t<div class=\"cookies-per-purpose\">\n    <div class=\"purpose\"><h4>Finalit&eacute; en attente d?enqu&ecirc;te<\/h4><\/div>\n    <div class=\"name-header\">\n\t<h5>Nom<\/h5>\n<\/div>\n<div class=\"name\"><a target=\"_blank\" rel=\"noopener noreferrer nofollow\" href=\"https:\/\/cookiedatabase.org\/cookie\/unknown-service\/__stripe_mid\/\">__stripe_mid<\/a><\/div>\n<div class=\"retention-header\">\n\t<h5>Expiration<\/h5>\n<\/div>\n<div class=\"retention\"><\/div>\n<div class=\"function-header\">\n\t<h5>Fonction<\/h5>\n<\/div>\n<div class=\"function\"><\/div>\n\n<\/div>\n<\/details>\n<details class=\"cmplz-dropdown cmplz-service-desc cmplz-dropdown-cookiepolicy\">\n\t<summary class=\"cmplz-service-header\"><div>\n\t\t<h3>Google Analytics<\/h3>\n\t\t<p>Finalit&eacute; en attente d?enqu&ecirc;te<\/p>\n\t\t<label for=\"cmplz_service_google-analytics\" class=\"cmplz_consent_per_service_label\"><span class=\"screen-reader-text\">Consent to service google-analytics<\/span><\/label>\n\t\t<input type=\"checkbox\" id=\"cmplz_service_google-analytics\" class=\"cmplz-accept-service cmplz-hidden\" data-service=\"google-analytics\" data-category=\"functional\"><\/div>\n\t<\/summary>\n\t<div class=\"cmplz-service-description\">\n\t\t<h4>Utilisation<\/h4>\n\t\t<p><\/p>\n\t<\/div>\n\t<div class=\"cmplz-sharing-data\">\n\t\t<h4>Partage de donn&eacute;es<\/h4>\n\t\t<p>Ces donn&eacute;es ne sont pas partag&eacute;es avec des tierces parties.<\/p>\n\t<\/div>\n\t<div class=\"cookies-per-purpose\">\n    <div class=\"purpose\"><h4>Finalit&eacute; en attente d?enqu&ecirc;te<\/h4><\/div>\n    <div class=\"name-header\">\n\t<h5>Nom<\/h5>\n<\/div>\n<div class=\"name\"><a target=\"_blank\" rel=\"noopener noreferrer nofollow\" href=\"https:\/\/cookiedatabase.org\/cookie\/unknown-service\/_ga\/\">_ga<\/a><\/div>\n<div class=\"retention-header\">\n\t<h5>Expiration<\/h5>\n<\/div>\n<div class=\"retention\"><\/div>\n<div class=\"function-header\">\n\t<h5>Fonction<\/h5>\n<\/div>\n<div class=\"function\"><\/div>\n<div class=\"name-header\">\n\t<h5>Nom<\/h5>\n<\/div>\n<div class=\"name\"><a target=\"_blank\" rel=\"noopener noreferrer nofollow\" href=\"https:\/\/cookiedatabase.org\/cookie\/unknown-service\/_ga_\/\">_ga_*<\/a><\/div>\n<div class=\"retention-header\">\n\t<h5>Expiration<\/h5>\n<\/div>\n<div class=\"retention\"><\/div>\n<div class=\"function-header\">\n\t<h5>Fonction<\/h5>\n<\/div>\n<div class=\"function\"><\/div>\n\n<\/div>\n<\/details>\n<details class=\"cmplz-dropdown cmplz-service-desc cmplz-dropdown-cookiepolicy\">\n\t<summary class=\"cmplz-service-header\"><div>\n\t\t<h3>Divers<\/h3>\n\t\t<p>Finalit&eacute; en attente d?enqu&ecirc;te<\/p>\n\t\t<label for=\"cmplz_service_divers\" class=\"cmplz_consent_per_service_label\"><span class=\"screen-reader-text\">Consent to service divers<\/span><\/label>\n\t\t<input type=\"checkbox\" id=\"cmplz_service_divers\" class=\"cmplz-accept-service cmplz-hidden\" data-service=\"divers\" data-category=\"functional\"><\/div>\n\t<\/summary>\n\t<div class=\"cmplz-service-description\">\n\t\t<h4>Utilisation<\/h4>\n\t\t<p><\/p>\n\t<\/div>\n\t<div class=\"cmplz-sharing-data\">\n\t\t<h4>Partage de donn&eacute;es<\/h4>\n\t\t<p>Le partage des donn&eacute;es est en cours d?enqu&ecirc;te<\/p>\n\t<\/div>\n\t<div class=\"cookies-per-purpose\">\n    <div class=\"purpose\"><h4>Finalit&eacute; en attente d?enqu&ecirc;te<\/h4><\/div>\n    <div class=\"name-header\">\n\t<h5>Nom<\/h5>\n<\/div>\n<div class=\"name\">cmplz_consenttype<\/div>\n<div class=\"retention-header\">\n\t<h5>Expiration<\/h5>\n<\/div>\n<div class=\"retention\">365 jours<\/div>\n<div class=\"function-header\">\n\t<h5>Fonction<\/h5>\n<\/div>\n<div class=\"function\"><\/div>\n<div class=\"name-header\">\n\t<h5>Nom<\/h5>\n<\/div>\n<div class=\"name\">cart-id<\/div>\n<div class=\"retention-header\">\n\t<h5>Expiration<\/h5>\n<\/div>\n<div class=\"retention\"><\/div>\n<div class=\"function-header\">\n\t<h5>Fonction<\/h5>\n<\/div>\n<div class=\"function\"><\/div>\n<div class=\"name-header\">\n\t<h5>Nom<\/h5>\n<\/div>\n<div class=\"name\">aam-subject<\/div>\n<div class=\"retention-header\">\n\t<h5>Expiration<\/h5>\n<\/div>\n<div class=\"retention\"><\/div>\n<div class=\"function-header\">\n\t<h5>Fonction<\/h5>\n<\/div>\n<div class=\"function\"><\/div>\n<div class=\"name-header\">\n\t<h5>Nom<\/h5>\n<\/div>\n<div class=\"name\"><a target=\"_blank\" rel=\"noopener noreferrer nofollow\" href=\"https:\/\/cookiedatabase.org\/cookie\/unknown-service\/wp_preferences_user_\/\">WP_PREFERENCES_USER_*<\/a><\/div>\n<div class=\"retention-header\">\n\t<h5>Expiration<\/h5>\n<\/div>\n<div class=\"retention\"><\/div>\n<div class=\"function-header\">\n\t<h5>Fonction<\/h5>\n<\/div>\n<div class=\"function\"><\/div>\n<div class=\"name-header\">\n\t<h5>Nom<\/h5>\n<\/div>\n<div class=\"name\">tablesorter-savesort<\/div>\n<div class=\"retention-header\">\n\t<h5>Expiration<\/h5>\n<\/div>\n<div class=\"retention\"><\/div>\n<div class=\"function-header\">\n\t<h5>Fonction<\/h5>\n<\/div>\n<div class=\"function\"><\/div>\n<div class=\"name-header\">\n\t<h5>Nom<\/h5>\n<\/div>\n<div class=\"name\">e_kit-elements-defaults<\/div>\n<div class=\"retention-header\">\n\t<h5>Expiration<\/h5>\n<\/div>\n<div class=\"retention\"><\/div>\n<div class=\"function-header\">\n\t<h5>Fonction<\/h5>\n<\/div>\n<div class=\"function\"><\/div>\n<div class=\"name-header\">\n\t<h5>Nom<\/h5>\n<\/div>\n<div class=\"name\">WP_DATA_USER_79<\/div>\n<div class=\"retention-header\">\n\t<h5>Expiration<\/h5>\n<\/div>\n<div class=\"retention\"><\/div>\n<div class=\"function-header\">\n\t<h5>Fonction<\/h5>\n<\/div>\n<div class=\"function\"><\/div>\n<div class=\"name-header\">\n\t<h5>Nom<\/h5>\n<\/div>\n<div class=\"name\">cmplz_consented_services<\/div>\n<div class=\"retention-header\">\n\t<h5>Expiration<\/h5>\n<\/div>\n<div class=\"retention\">365 jours<\/div>\n<div class=\"function-header\">\n\t<h5>Fonction<\/h5>\n<\/div>\n<div class=\"function\"><\/div>\n<div class=\"name-header\">\n\t<h5>Nom<\/h5>\n<\/div>\n<div class=\"name\">cmplz_policy_id<\/div>\n<div class=\"retention-header\">\n\t<h5>Expiration<\/h5>\n<\/div>\n<div class=\"retention\">365 jours<\/div>\n<div class=\"function-header\">\n\t<h5>Fonction<\/h5>\n<\/div>\n<div class=\"function\"><\/div>\n<div class=\"name-header\">\n\t<h5>Nom<\/h5>\n<\/div>\n<div class=\"name\">cmplz_marketing<\/div>\n<div class=\"retention-header\">\n\t<h5>Expiration<\/h5>\n<\/div>\n<div class=\"retention\">365 jours<\/div>\n<div class=\"function-header\">\n\t<h5>Fonction<\/h5>\n<\/div>\n<div class=\"function\"><\/div>\n<div class=\"name-header\">\n\t<h5>Nom<\/h5>\n<\/div>\n<div class=\"name\">cmplz_statistics<\/div>\n<div class=\"retention-header\">\n\t<h5>Expiration<\/h5>\n<\/div>\n<div class=\"retention\">365 jours<\/div>\n<div class=\"function-header\">\n\t<h5>Fonction<\/h5>\n<\/div>\n<div class=\"function\"><\/div>\n<div class=\"name-header\">\n\t<h5>Nom<\/h5>\n<\/div>\n<div class=\"name\">cmplz_preferences<\/div>\n<div class=\"retention-header\">\n\t<h5>Expiration<\/h5>\n<\/div>\n<div class=\"retention\">365 jours<\/div>\n<div class=\"function-header\">\n\t<h5>Fonction<\/h5>\n<\/div>\n<div class=\"function\"><\/div>\n<div class=\"name-header\">\n\t<h5>Nom<\/h5>\n<\/div>\n<div class=\"name\">cmplz_functional<\/div>\n<div class=\"retention-header\">\n\t<h5>Expiration<\/h5>\n<\/div>\n<div class=\"retention\">365 jours<\/div>\n<div class=\"function-header\">\n\t<h5>Fonction<\/h5>\n<\/div>\n<div class=\"function\"><\/div>\n<div class=\"name-header\">\n\t<h5>Nom<\/h5>\n<\/div>\n<div class=\"name\">cmplz_banner-status<\/div>\n<div class=\"retention-header\">\n\t<h5>Expiration<\/h5>\n<\/div>\n<div class=\"retention\">365 jours<\/div>\n<div class=\"function-header\">\n\t<h5>Fonction<\/h5>\n<\/div>\n<div class=\"function\"><\/div>\n<div class=\"name-header\">\n\t<h5>Nom<\/h5>\n<\/div>\n<div class=\"name\">twk_uuid_628f5d4f7b967b1179915ad7<\/div>\n<div class=\"retention-header\">\n\t<h5>Expiration<\/h5>\n<\/div>\n<div class=\"retention\"><\/div>\n<div class=\"function-header\">\n\t<h5>Fonction<\/h5>\n<\/div>\n<div class=\"function\"><\/div>\n<div class=\"name-header\">\n\t<h5>Nom<\/h5>\n<\/div>\n<div class=\"name\">_iub_cs-94258684<\/div>\n<div class=\"retention-header\">\n\t<h5>Expiration<\/h5>\n<\/div>\n<div class=\"retention\"><\/div>\n<div class=\"function-header\">\n\t<h5>Fonction<\/h5>\n<\/div>\n<div class=\"function\"><\/div>\n<div class=\"name-header\">\n\t<h5>Nom<\/h5>\n<\/div>\n<div class=\"name\">euconsent-v2<\/div>\n<div class=\"retention-header\">\n\t<h5>Expiration<\/h5>\n<\/div>\n<div class=\"retention\"><\/div>\n<div class=\"function-header\">\n\t<h5>Fonction<\/h5>\n<\/div>\n<div class=\"function\"><\/div>\n<div class=\"name-header\">\n\t<h5>Nom<\/h5>\n<\/div>\n<div class=\"name\">_iub_cs-94258684-granular<\/div>\n<div class=\"retention-header\">\n\t<h5>Expiration<\/h5>\n<\/div>\n<div class=\"retention\"><\/div>\n<div class=\"function-header\">\n\t<h5>Fonction<\/h5>\n<\/div>\n<div class=\"function\"><\/div>\n<div class=\"name-header\">\n\t<h5>Nom<\/h5>\n<\/div>\n<div class=\"name\">e_event-tracker<\/div>\n<div class=\"retention-header\">\n\t<h5>Expiration<\/h5>\n<\/div>\n<div class=\"retention\"><\/div>\n<div class=\"function-header\">\n\t<h5>Fonction<\/h5>\n<\/div>\n<div class=\"function\"><\/div>\n<div class=\"name-header\">\n\t<h5>Nom<\/h5>\n<\/div>\n<div class=\"name\">PHPSESSID<\/div>\n<div class=\"retention-header\">\n\t<h5>Expiration<\/h5>\n<\/div>\n<div class=\"retention\"><\/div>\n<div class=\"function-header\">\n\t<h5>Fonction<\/h5>\n<\/div>\n<div class=\"function\"><\/div>\n<div class=\"name-header\">\n\t<h5>Nom<\/h5>\n<\/div>\n<div class=\"name\">__utma<\/div>\n<div class=\"retention-header\">\n\t<h5>Expiration<\/h5>\n<\/div>\n<div class=\"retention\"><\/div>\n<div class=\"function-header\">\n\t<h5>Fonction<\/h5>\n<\/div>\n<div class=\"function\"><\/div>\n<div class=\"name-header\">\n\t<h5>Nom<\/h5>\n<\/div>\n<div class=\"name\">__utmc<\/div>\n<div class=\"retention-header\">\n\t<h5>Expiration<\/h5>\n<\/div>\n<div class=\"retention\"><\/div>\n<div class=\"function-header\">\n\t<h5>Fonction<\/h5>\n<\/div>\n<div class=\"function\"><\/div>\n<div class=\"name-header\">\n\t<h5>Nom<\/h5>\n<\/div>\n<div class=\"name\">__utmz<\/div>\n<div class=\"retention-header\">\n\t<h5>Expiration<\/h5>\n<\/div>\n<div class=\"retention\"><\/div>\n<div class=\"function-header\">\n\t<h5>Fonction<\/h5>\n<\/div>\n<div class=\"function\"><\/div>\n<div class=\"name-header\">\n\t<h5>Nom<\/h5>\n<\/div>\n<div class=\"name\">_gid<\/div>\n<div class=\"retention-header\">\n\t<h5>Expiration<\/h5>\n<\/div>\n<div class=\"retention\"><\/div>\n<div class=\"function-header\">\n\t<h5>Fonction<\/h5>\n<\/div>\n<div class=\"function\"><\/div>\n<div class=\"name-header\">\n\t<h5>Nom<\/h5>\n<\/div>\n<div class=\"name\">_gat_gtag_UA_273517685_1<\/div>\n<div class=\"retention-header\">\n\t<h5>Expiration<\/h5>\n<\/div>\n<div class=\"retention\"><\/div>\n<div class=\"function-header\">\n\t<h5>Fonction<\/h5>\n<\/div>\n<div class=\"function\"><\/div>\n<div class=\"name-header\">\n\t<h5>Nom<\/h5>\n<\/div>\n<div class=\"name\">e_site-editor<\/div>\n<div class=\"retention-header\">\n\t<h5>Expiration<\/h5>\n<\/div>\n<div class=\"retention\"><\/div>\n<div class=\"function-header\">\n\t<h5>Fonction<\/h5>\n<\/div>\n<div class=\"function\"><\/div>\n<div class=\"name-header\">\n\t<h5>Nom<\/h5>\n<\/div>\n<div class=\"name\">jetDasboardData<\/div>\n<div class=\"retention-header\">\n\t<h5>Expiration<\/h5>\n<\/div>\n<div class=\"retention\"><\/div>\n<div class=\"function-header\">\n\t<h5>Fonction<\/h5>\n<\/div>\n<div class=\"function\"><\/div>\n<div class=\"name-header\">\n\t<h5>Nom<\/h5>\n<\/div>\n<div class=\"name\">_gat_gtag_UA_130569087_3<\/div>\n<div class=\"retention-header\">\n\t<h5>Expiration<\/h5>\n<\/div>\n<div class=\"retention\"><\/div>\n<div class=\"function-header\">\n\t<h5>Fonction<\/h5>\n<\/div>\n<div class=\"function\"><\/div>\n<div class=\"name-header\">\n\t<h5>Nom<\/h5>\n<\/div>\n<div class=\"name\">wp_lang<\/div>\n<div class=\"retention-header\">\n\t<h5>Expiration<\/h5>\n<\/div>\n<div class=\"retention\"><\/div>\n<div class=\"function-header\">\n\t<h5>Fonction<\/h5>\n<\/div>\n<div class=\"function\"><\/div>\n<div class=\"name-header\">\n\t<h5>Nom<\/h5>\n<\/div>\n<div class=\"name\">WP_DATA_USER_3658<\/div>\n<div class=\"retention-header\">\n\t<h5>Expiration<\/h5>\n<\/div>\n<div class=\"retention\"><\/div>\n<div class=\"function-header\">\n\t<h5>Fonction<\/h5>\n<\/div>\n<div class=\"function\"><\/div>\n<div class=\"name-header\">\n\t<h5>Nom<\/h5>\n<\/div>\n<div class=\"name\">pum-16308<\/div>\n<div class=\"retention-header\">\n\t<h5>Expiration<\/h5>\n<\/div>\n<div class=\"retention\"><\/div>\n<div class=\"function-header\">\n\t<h5>Fonction<\/h5>\n<\/div>\n<div class=\"function\"><\/div>\n<div class=\"name-header\">\n\t<h5>Nom<\/h5>\n<\/div>\n<div class=\"name\">e_library<\/div>\n<div class=\"retention-header\">\n\t<h5>Expiration<\/h5>\n<\/div>\n<div class=\"retention\"><\/div>\n<div class=\"function-header\">\n\t<h5>Fonction<\/h5>\n<\/div>\n<div class=\"function\"><\/div>\n<div class=\"name-header\">\n\t<h5>Nom<\/h5>\n<\/div>\n<div class=\"name\">WP_DATA_USER_3659<\/div>\n<div class=\"retention-header\">\n\t<h5>Expiration<\/h5>\n<\/div>\n<div class=\"retention\"><\/div>\n<div class=\"function-header\">\n\t<h5>Fonction<\/h5>\n<\/div>\n<div class=\"function\"><\/div>\n<div class=\"name-header\">\n\t<h5>Nom<\/h5>\n<\/div>\n<div class=\"name\">elementor_safe_mode_token<\/div>\n<div class=\"retention-header\">\n\t<h5>Expiration<\/h5>\n<\/div>\n<div class=\"retention\"><\/div>\n<div class=\"function-header\">\n\t<h5>Fonction<\/h5>\n<\/div>\n<div class=\"function\"><\/div>\n\n<\/div>\n<\/details>\n<\/div><h2>7. Consentement<\/h2><p>Lorsque vous visitez notre site web pour la premi\u00e8re fois, nous vous montrerons une fen\u00eatre contextuelle avec une explication sur les cookies. D\u00e8s que vous cliquez sur \u00ab\u00a0Save preferences\u00a0\u00bb vous nous autorisez \u00e0 utiliser les cat\u00e9gories de cookies et d'extensions que vous avez s\u00e9lectionn\u00e9s dans la fen\u00eatre contextuelle, comme d\u00e9crit dans la pr\u00e9sente politique de cookies. Vous pouvez d\u00e9sactiver l'utilisation des cookies via votre navigateur, mais veuillez noter que notre site web pourrait ne plus fonctionner correctement.<\/p><p class=\"cmplz-subtitle\">7.1 G&eacute;rez vos r&eacute;glages de consentement<\/p><div id=\"cmplz-manage-consent-container-nojavascript\">Vous avez charg&eacute; la politique de cookies sans le support de javascript.&nbsp;Sur AMP, vous pouvez utiliser l?onglet de gestion du consentement en bas de la page.<\/div><div id=\"cmplz-manage-consent-container\" class=\"cmplz-manage-consent-container\"><\/div><h2>8. Activer\/d&eacute;sactiver et supprimer les cookies<\/h2><p>Vous pouvez utiliser votre navigateur internet pour supprimer automatiquement ou manuellement les cookies. Vous pouvez \u00e9galement sp\u00e9cifier que certains cookies ne peuvent pas \u00eatre plac\u00e9s. Une autre option consiste \u00e0 modifier les r\u00e9glages de votre navigateur Internet afin que vous receviez un message \u00e0 chaque fois qu'un cookie est plac\u00e9. Pour plus d'informations sur ces options, reportez-vous aux instructions de la section Aide de votre navigateur.<\/p><p>Veuillez noter que notre site web peut ne pas marcher correctement si tous les cookies sont d&eacute;sactiv&eacute;s. Si vous supprimez les cookies dans votre navigateur, ils seront de nouveau plac&eacute;s apr&egrave;s votre consentement lorsque vous revisiterez nos sites web.<\/p><h2>9. Vos droits concernant les donn&eacute;es personnelles<\/h2><p>Vous avez les droits suivants concernant vos donn&eacute;es personnelles&nbsp;:<\/p><ul>\n                    <li>Vous avez le droit de savoir pourquoi vos donn&eacute;es personnelles sont n&eacute;cessaires, ce qui leur arrivera et combien de temps elles seront conserv&eacute;es.<\/li>\n                    <li>Droit d'acc\u00e8s\u00a0: vous avez le droit d'acc\u00e9der \u00e0 vos donn\u00e9es personnelles que nous connaissons.<\/li>\n                    <li>Droit de rectification&nbsp;: vous avez le droit &agrave; tout moment de compl&eacute;ter, corriger, faire supprimer ou bloquer vos donn&eacute;es personnelles.<\/li>\n                    <li>Si vous nous donnez votre consentement pour le traitement de vos donn&eacute;es, vous avez le droit de r&eacute;voquer ce consentement et de faire supprimer vos donn&eacute;es personnelles.<\/li>\n                    <li>Droit de transf&eacute;rer vos donn&eacute;es&nbsp;: vous avez le droit de demander toutes vos donn&eacute;es personnelles au responsable du traitement et de les transf&eacute;rer dans leur int&eacute;gralit&eacute; &agrave; un autre responsable du traitement.<\/li>\n                    <li>Droit d'opposition\u00a0: vous pouvez vous opposer au traitement de vos donn\u00e9es. Nous obtemp\u00e9rerons, \u00e0 moins que certaines raisons ne justifient ce traitement.<\/li>\n                <\/ul><p>Pour exercer ces droits, veuillez nous contacter. Veuillez vous r&eacute;f&eacute;rer aux coordonn&eacute;es au bas de cette politique de cookies. Si vous avez une plainte concernant la fa&ccedil;on dont nous traitons vos donn&eacute;es, nous aimerions en &ecirc;tre inform&eacute;s, mais vous avez &eacute;galement le droit de d&eacute;poser une plainte aupr&egrave;s de l?autorit&eacute; de contr&ocirc;le (l?autorit&eacute; charg&eacute;e de la protection des donn&eacute;es).<\/p><h2>10. Coordonn&eacute;es<\/h2><p>Pour des questions et\/ou des commentaires sur notre politique de cookies et cette d&eacute;claration, veuillez nous contacter en utilisant les coordonn&eacute;es suivantes&nbsp;:<\/p><p><span class=\"cmplz-contact-organisation\">Paragon SA<\/span><br>\n                      <span class=\"cmplz-contact-address\">Rue du Nant 8 - 1207 Geneva<br>\r\n<\/span><br>\n                      <span class=\"cmplz-contact-country\">Suisse<\/span><br>\n                    Site web&nbsp;: <span class=\"cmplz-contact-domain\"><a href=\"https:\/\/paragon-sa.ch\/fr\/\">https:\/\/paragon-sa.ch\/fr\/<\/a><\/span><br>\n                    E-mail&nbsp;: <span class=\"cmplz-contact-email\"><span class=\"cmplz-obfuscate\">moc.as-nogarap@ofni<\/span><\/span><br>\n                    <span class=\"cmplz-contact-telephone\">Num&eacute;ro de t&eacute;l&eacute;phone: +41 22 736 30 28<\/span><\/p><p>Cette politique de cookies a &eacute;t&eacute; synchronis&eacute;e avec <a href=\"https:\/\/cookiedatabase.org\/\" target=\"_blank\">cookiedatabase.org<\/a> le 04\/05\/2023.<\/p><\/div>","protected":false},"excerpt":{"rendered":"","protected":false},"author":79,"featured_media":0,"parent":0,"menu_order":0,"comment_status":"closed","ping_status":"closed","template":"","meta":[],"_links":{"self":[{"href":"https:\/\/paragon-sa.ch\/fr\/wp-json\/wp\/v2\/pages\/14358"}],"collection":[{"href":"https:\/\/paragon-sa.ch\/fr\/wp-json\/wp\/v2\/pages"}],"about":[{"href":"https:\/\/paragon-sa.ch\/fr\/wp-json\/wp\/v2\/types\/page"}],"author":[{"embeddable":true,"href":"https:\/\/paragon-sa.ch\/fr\/wp-json\/wp\/v2\/users\/79"}],"replies":[{"embeddable":true,"href":"https:\/\/paragon-sa.ch\/fr\/wp-json\/wp\/v2\/comments?post=14358"}],"version-history":[{"count":0,"href":"https:\/\/paragon-sa.ch\/fr\/wp-json\/wp\/v2\/pages\/14358\/revisions"}],"wp:attachment":[{"href":"https:\/\/paragon-sa.ch\/fr\/wp-json\/wp\/v2\/media?parent=14358"}],"curies":[{"name":"wp","href":"https:\/\/api.w.org\/{rel}","templated":true}]}}